{"id":2,"date":"2018-12-11T23:00:56","date_gmt":"2018-12-11T21:00:56","guid":{"rendered":"http:\/\/pratiksundurma.net\/?page_id=2"},"modified":"2019-01-15T18:09:12","modified_gmt":"2019-01-15T16:09:12","slug":"ornek-sayfa","status":"publish","type":"page","link":"https:\/\/pratiksundurma.net\/index.php\/ornek-sayfa","title":{"rendered":"Pratik Sundurma"},"content":{"rendered":"<p><span style=\"color: #000000;\"><\/span><\/p>\r\n<p><span style=\"color: #000000;\">Pratik sundurmalar pencere ve kap\u0131lar\u0131m\u0131z\u0131n her t\u00fcrl\u00fc k\u00f6t\u00fc hava ko\u015fuluna kar\u015f\u0131 korunmas\u0131 amac\u0131 ile tasarlanm\u0131\u015ft\u0131r. Ayr\u0131ca ortak kullan\u0131m alanlar\u0131n\u0131z\u0131n temiz kalabilme avantaj\u0131n\u0131 da sizlere sunmaktad\u0131r.\u00a0<\/span><\/p>\r\n<p><span style=\"color: #000000;\">Pratik sundurma \u00fcr\u00fcnlerinde al\u0131\u015f\u0131lm\u0131\u015f\u0131n d\u0131\u015f\u0131nda istenilen \u00f6l\u00e7\u00fcde imalat yapabiliyoruz. Bu sayede bina giri\u015fine, AVM giri\u015fine, \u00a0teras \u00fcst\u00fc kapatmalara, balkon \u00f6n\u00fc sa\u00e7aklara ve bir\u00e7ok yere kullan\u0131labiliyor.<\/span><\/p>\r\n<h2><strong>Pratik Sundurmalar\u0131n Avantajlar\u0131<\/strong><\/h2>\r\n<p><span style=\"color: #000000;\">Sundurma g\u00fcn\u00fcm\u00fcz\u00fcn zorunlu ihtiya\u00e7lar\u0131ndan olup k\u0131r\u0131lmaz yap\u0131s\u0131 ile sizi ve yap\u0131lar\u0131n\u0131z\u0131 her t\u00fcrl\u00fc do\u011fal afetten korumaktad\u0131r. Polikarbonun esnek yap\u0131s\u0131n\u0131 \u00e7elik konstr\u00fcksiyon ile birle\u015ftirerek dayan\u0131kl\u0131, uzun \u00f6m\u00fcrl\u00fc, sa\u011flam \u00fcr\u00fcnleri sizlere sunuyoruz.<\/span><\/p>\r\n<p><span style=\"color: #000000;\"><a href=\"http:\/\/pratiksundurma.net\/wp-content\/uploads\/2018\/12\/lale-serisi-sundurma-1.jpg\"><img fetchpriority=\"high\" decoding=\"async\" class=\"alignnone wp-image-639 size-medium\" src=\"http:\/\/pratiksundurma.net\/wp-content\/uploads\/2018\/12\/lale-serisi-sundurma-1-300x200.jpg\" alt=\"\" width=\"300\" height=\"200\" \/><\/a> <a href=\"http:\/\/pratiksundurma.net\/wp-content\/uploads\/2018\/12\/modern-serisi.jpg\"><img decoding=\"async\" class=\"alignnone wp-image-640 size-medium\" src=\"http:\/\/pratiksundurma.net\/wp-content\/uploads\/2018\/12\/modern-serisi-300x200.jpg\" alt=\"\" width=\"300\" height=\"200\" srcset=\"https:\/\/pratiksundurma.net\/wp-content\/uploads\/2018\/12\/modern-serisi-300x200.jpg 300w, https:\/\/pratiksundurma.net\/wp-content\/uploads\/2018\/12\/modern-serisi-360x240.jpg 360w, https:\/\/pratiksundurma.net\/wp-content\/uploads\/2018\/12\/modern-serisi.jpg 450w\" sizes=\"(max-width: 300px) 100vw, 300px\" \/><\/a>\u00a0<\/span><\/p>\r\n<p><span style=\"color: #000000;\">Kullan\u0131m\u0131 a\u00e7\u0131s\u0131ndan bir\u00e7ok fayday\u0131 da b\u00fcnyesinde bar\u0131nd\u0131ran pratik sundurma, daha \u00e7ok g\u00fcney cepheleri i\u00e7in kullan\u0131ld\u0131\u011f\u0131nda \u0131s\u0131y\u0131 % 65\u2019 e kadar absorbe edebilme \u00f6zelli\u011fine sahiptir. Do\u011fu ve bat\u0131 cephelerinde ise % 77&#8242; ye kadar korunma sa\u011flayabilen sundurmalar, g\u00fcne\u015f \u0131\u015f\u0131\u011f\u0131n\u0131n zararl\u0131 etkilerinin tamam\u0131n\u0131 filtre ederek sizi ve e\u015fyalar\u0131n\u0131z\u0131 g\u00fcvenle korur.<\/span><\/p>\r\n<p><span style=\"color: #000000;\">\u00a0\u00a0<a href=\"http:\/\/pratiksundurma.net\/wp-content\/uploads\/2018\/12\/osmanli-serisi.jpg\"><img decoding=\"async\" class=\"alignnone wp-image-641 size-medium\" src=\"http:\/\/pratiksundurma.net\/wp-content\/uploads\/2018\/12\/osmanli-serisi-300x200.jpg\" alt=\"\" width=\"300\" height=\"200\" srcset=\"https:\/\/pratiksundurma.net\/wp-content\/uploads\/2018\/12\/osmanli-serisi-300x200.jpg 300w, https:\/\/pratiksundurma.net\/wp-content\/uploads\/2018\/12\/osmanli-serisi-360x240.jpg 360w, https:\/\/pratiksundurma.net\/wp-content\/uploads\/2018\/12\/osmanli-serisi.jpg 450w\" sizes=\"(max-width: 300px) 100vw, 300px\" \/><\/a> <a href=\"http:\/\/pratiksundurma.net\/wp-content\/uploads\/2018\/12\/selcuklu-serisi.jpg\"><img loading=\"lazy\" decoding=\"async\" class=\"alignnone wp-image-642 size-medium\" src=\"http:\/\/pratiksundurma.net\/wp-content\/uploads\/2018\/12\/selcuklu-serisi-300x200.jpg\" alt=\"\" width=\"300\" height=\"200\" srcset=\"https:\/\/pratiksundurma.net\/wp-content\/uploads\/2018\/12\/selcuklu-serisi-300x200.jpg 300w, https:\/\/pratiksundurma.net\/wp-content\/uploads\/2018\/12\/selcuklu-serisi-360x240.jpg 360w, https:\/\/pratiksundurma.net\/wp-content\/uploads\/2018\/12\/selcuklu-serisi.jpg 450w\" sizes=\"(max-width: 300px) 100vw, 300px\" \/><\/a><\/span><\/p>\r\n<h2><strong>Sundurmalar\u0131n Genel \u00d6zellikleri<\/strong><\/h2>\r\n<p><span style=\"color: #000000;\">Geni\u015f alanlarda yan yana ilave edilebilme \u00f6zelli\u011fine sahip 2 ta\u015f\u0131ma koldan olu\u015fan pratik sundurma \u0131s\u0131 ve d\u0131\u015f kimyasal etkilere kar\u015f\u0131 dayan\u0131kl\u0131d\u0131r. Hammadde olarak metal ve\u00a0<a style=\"color: #000000;\" title=\"Paslanmaz Sundurma\" href=\"http:\/\/pratiksundurma.net\/index.php\/paslanmaz-sundurma\" target=\"_blank\" rel=\"noopener\">paslanmaz<\/a>\u00a0kullan\u0131lmaktad\u0131r. K\u00f6t\u00fc hava ko\u015fullar\u0131nda \u00f6zellikle yo\u011fun kara ve \u015fiddetli r\u00fczg\u00e2ra kar\u015f\u0131 destekleyici ara ta\u015f\u0131y\u0131c\u0131lar sayesinde mukavemeti artt\u0131r\u0131labilmektedir.<\/span><\/p>\r\n<p><span style=\"color: #000000;\">Pratik sundurmalar\u0131n yan\u0131 s\u0131ra paslanmaz, ferforje, metal, ah\u015fap ta\u015f\u0131y\u0131c\u0131l\u0131 sundurmalar kapatmalar ve bir \u00e7ok g\u00f6lgelik sisteminin hem \u00fcretimini hemde montaj ve uygulama hizmetlerini yapmaktay\u0131z. Di\u011fer uygulama ve montaj referasnlar\u0131m\u0131z\u0131 g\u00f6rmek i\u00e7in\u00a0<a style=\"color: #000000;\" title=\"Pratiksundurma.net Uygulamalar\u0131m\u0131z\" href=\"http:\/\/pratiksundurma.net\/index.php\/uygulamalarimiz\" target=\"_blank\" rel=\"noopener\">UYGULAMALARIMIZ<\/a>\u00a0sayfas\u0131n\u0131 ziyaret edebilirsiniz.\u00a0<\/span><\/p>\r\n<p><span style=\"color: #000000;\"><a href=\"http:\/\/pratiksundurma.net\/wp-content\/uploads\/2018\/12\/cakil-tasi-serisi-1.jpg\"><img loading=\"lazy\" decoding=\"async\" class=\"alignnone wp-image-637 size-medium\" src=\"http:\/\/pratiksundurma.net\/wp-content\/uploads\/2018\/12\/cakil-tasi-serisi-1-300x200.jpg\" alt=\"\" width=\"300\" height=\"200\" srcset=\"https:\/\/pratiksundurma.net\/wp-content\/uploads\/2018\/12\/cakil-tasi-serisi-1-300x200.jpg 300w, https:\/\/pratiksundurma.net\/wp-content\/uploads\/2018\/12\/cakil-tasi-serisi-1-360x240.jpg 360w, https:\/\/pratiksundurma.net\/wp-content\/uploads\/2018\/12\/cakil-tasi-serisi-1.jpg 450w\" sizes=\"(max-width: 300px) 100vw, 300px\" \/><\/a> <a href=\"http:\/\/pratiksundurma.net\/wp-content\/uploads\/2018\/12\/ferforje-serisi-sundurma.jpg\"><img loading=\"lazy\" decoding=\"async\" class=\"alignnone wp-image-638 size-medium\" src=\"http:\/\/pratiksundurma.net\/wp-content\/uploads\/2018\/12\/ferforje-serisi-sundurma-300x200.jpg\" alt=\"\" width=\"300\" height=\"200\" srcset=\"https:\/\/pratiksundurma.net\/wp-content\/uploads\/2018\/12\/ferforje-serisi-sundurma-300x200.jpg 300w, https:\/\/pratiksundurma.net\/wp-content\/uploads\/2018\/12\/ferforje-serisi-sundurma-360x240.jpg 360w, https:\/\/pratiksundurma.net\/wp-content\/uploads\/2018\/12\/ferforje-serisi-sundurma.jpg 450w\" sizes=\"(max-width: 300px) 100vw, 300px\" \/><\/a> <\/span><\/p>\r\n<p>&nbsp;<\/p>\r\n<p><span style=\"color: #000000;\">Sundurma kap\u0131 giri\u015flerinde, g\u00fcne\u015fin ultraviyole \u0131\u015f\u0131nlar\u0131ndan ve ya\u011fmur, kar gibi d\u0131\u015f etkenlerden yap\u0131lar\u0131n\u0131z\u0131 korumak i\u00e7in geli\u015ftirilmi\u015f olup pratik sundurma ile kolay kurulum sayesinde size avantaj sa\u011fl\u0131yor.<\/span><\/p>\r\n<p><span style=\"color: #000000;\"><strong>Albayrak Yap\u0131 \u0130n\u015faat<\/strong> olarak satt\u0131\u011f\u0131m\u0131z her sundurma modelini kalite ve dayan\u0131kl\u0131 testi sonras\u0131 sat\u0131\u015fa sunuyoruz. \u00c7elik konstr\u00fcksiyon ve \u00c7elik ta\u015f\u0131y\u0131c\u0131 ayaklar sayesinde sa\u011flaml\u0131\u011f\u0131 en \u00fcst seviyeye \u00e7\u0131kararak saatte 60 km h\u0131zla esen r\u00fczgara dayanmaktad\u0131r.<\/span><\/p>\r\n<p><span style=\"color: #000000;\">\u00dcr\u00fcnlerimiz piyasadaki ithal plastik ve d\u00f6k\u00fcm ta\u015f\u0131y\u0131c\u0131l\u0131 \u00fcr\u00fcnlerin aksine <strong>3 mm \u00e7elikten imal edilmi\u015f<\/strong> olup elektrostatik toz boyama sistemi ile boyanarak sizlerle bulu\u015fturuyoruz.<\/span><\/p>\r\n<p><span style=\"color: #000000;\"><\/span><\/p>","protected":false},"excerpt":{"rendered":"<p>Pratik sundurmalar pencere ve kap\u0131lar\u0131m\u0131z\u0131n her t\u00fcrl\u00fc k\u00f6t\u00fc hava ko\u015fuluna kar\u015f\u0131 korunmas\u0131 amac\u0131 ile tasarlanm\u0131\u015ft\u0131r. Ayr\u0131ca ortak kullan\u0131m alanlar\u0131n\u0131z\u0131n temiz kalabilme avantaj\u0131n\u0131 da sizlere sunmaktad\u0131r.\u00a0 Pratik sundurma \u00fcr\u00fcnlerinde al\u0131\u015f\u0131lm\u0131\u015f\u0131n d\u0131\u015f\u0131nda istenilen \u00f6l\u00e7\u00fcde imalat yapabiliyoruz. Bu sayede bina giri\u015fine, AVM giri\u015fine, \u00a0teras \u00fcst\u00fc kapatmalara, balkon \u00f6n\u00fc sa\u00e7aklara ve bir\u00e7ok yere kullan\u0131labiliyor. Pratik Sundurmalar\u0131n Avantajlar\u0131 Sundurma g\u00fcn\u00fcm\u00fcz\u00fcn [&hellip;]<\/p>\n","protected":false},"author":1,"featured_media":0,"parent":0,"menu_order":0,"comment_status":"closed","ping_status":"open","template":"","meta":{"footnotes":""},"class_list":["post-2","page","type-page","status-publish","hentry"],"blocksy_meta":{"styles_descriptor":{"styles":{"desktop":"","tablet":"","mobile":""},"google_fonts":[],"version":6}},"aioseo_notices":[],"_links":{"self":[{"href":"https:\/\/pratiksundurma.net\/index.php\/wp-json\/wp\/v2\/pages\/2","targetHints":{"allow":["GET"]}}],"collection":[{"href":"https:\/\/pratiksundurma.net\/index.php\/wp-json\/wp\/v2\/pages"}],"about":[{"href":"https:\/\/pratiksundurma.net\/index.php\/wp-json\/wp\/v2\/types\/page"}],"author":[{"embeddable":true,"href":"https:\/\/pratiksundurma.net\/index.php\/wp-json\/wp\/v2\/users\/1"}],"replies":[{"embeddable":true,"href":"https:\/\/pratiksundurma.net\/index.php\/wp-json\/wp\/v2\/comments?post=2"}],"version-history":[{"count":12,"href":"https:\/\/pratiksundurma.net\/index.php\/wp-json\/wp\/v2\/pages\/2\/revisions"}],"predecessor-version":[{"id":1262,"href":"https:\/\/pratiksundurma.net\/index.php\/wp-json\/wp\/v2\/pages\/2\/revisions\/1262"}],"wp:attachment":[{"href":"https:\/\/pratiksundurma.net\/index.php\/wp-json\/wp\/v2\/media?parent=2"}],"curies":[{"name":"wp","href":"https:\/\/api.w.org\/{rel}","templated":true}]}}