{"id":1137,"date":"2022-10-01T11:07:20","date_gmt":"2022-10-01T08:07:20","guid":{"rendered":"https:\/\/pratiksundurma.net\/?post_type=product&#038;p=1137"},"modified":"2026-04-16T14:12:14","modified_gmt":"2026-04-16T11:12:14","slug":"lale-serisi-sundurma","status":"publish","type":"product","link":"https:\/\/pratiksundurma.net\/index.php\/urun\/lale-serisi-sundurma","title":{"rendered":"Lale Serisi Sundurma"},"content":{"rendered":"<p>G\u00fcne\u015f ve ya\u011fmura kar\u015f\u0131 pencere, kap\u0131, balkon \u00f6nlerini koruma alt\u0131na almak isteyenler en modern \u00e7\u00f6z\u00fcm olarak sundurmadan yararlan\u0131yor. Sundurma modelleri estetik, dekoratif ve pratik kullan\u0131m\u0131yla cezp ediyor. Metal g\u00f6vdesi, zarif desen se\u00e7enekleri ve dayan\u0131kl\u0131 malzemesiyle <strong>lale serisi sundurma <\/strong>beklentileri kar\u015f\u0131l\u0131yor.<\/p>\n<p>Renk, model, en, boy gibi spesifik \u00f6l\u00e7\u00fclerde tamamen m\u00fc\u015fteriye \u00f6zel tasar\u0131mlar yap\u0131l\u0131yor. <strong>Lale serisi sundurma<\/strong>, bug\u00fcne kadar ev ve i\u015f yerlerinin vazge\u00e7ilmezi olmu\u015ftur. Modern ve pratik olu\u015funun yan\u0131 s\u0131ra dekoratif anlamda be\u011fenileri toplamas\u0131 sundurmalar\u0131n kullan\u0131m alan\u0131n\u0131 yayg\u0131nla\u015ft\u0131r\u0131yor.<\/p>\n<p><strong>Lale serisi sundurma <\/strong>geleneksel ve modern ya\u015fam\u0131n sentezi niteli\u011fi ta\u015f\u0131yor. G\u00f6r\u00fcnt\u00fcs\u00fcyle hem otantik hem de zarif durmay\u0131 ba\u015farmas\u0131, modelin \u00e7ok fazla tercih edilmesini sa\u011fl\u0131yor. Sundurma deneyiminden en \u00fcst d\u00fczeyde yararlan\u0131rken ayn\u0131 zamanda dekoratif bir g\u00f6r\u00fcnt\u00fc arayanlar i\u00e7in hi\u00e7 \u015f\u00fcphesiz lale serisi sundurmalar \u00e7ok ideal bir se\u00e7enek olu\u015fturuyor.<\/p>\n<p>Sundurma fiyatlar\u0131 hakk\u0131nda daha detayl\u0131 bilgi almak ya d do\u011frudan sipari\u015f olu\u015fturmak i\u00e7in bizimle ileti\u015fime ge\u00e7ebilir, web sitemizden g\u00fcvenle sipari\u015f edebilirsiniz. Sipari\u015fleriniz k\u0131sa s\u00fcrede haz\u0131rlanarak adresinize en korunakl\u0131 \u015fekilde g\u00f6nderilir.<\/p>\n<p>&nbsp;<\/p>\n","protected":false},"excerpt":{"rendered":"<p><strong>Men\u015fei:<\/strong>\u00a0T\u00fcrkiye<br \/>\n<strong>Marka:<\/strong>\u00a0Albayrak Yap\u0131 \u0130n\u015faat<br \/>\n<strong>Ta\u015f\u0131y\u0131c\u0131 Kolon:<\/strong>\u00a0Metal<br \/>\n<strong>\u00dcst Kaplama:<\/strong>\u00a0Polikarbonat Levha<br \/>\n<strong>\u00c7er\u00e7eve:<\/strong>\u00a0Al\u00fcminyum U Kasa<br \/>\n<strong>Ba\u011flant\u0131:<\/strong>\u00a0\u00d6zel Ba\u011flant\u0131 Aparat\u0131<br \/>\n<strong>Boya:<\/strong>\u00a0Metal Aksam Elektrostatik Boya<br \/>\n<strong>G\u00f6nderim:<\/strong>\u00a0Al\u0131c\u0131 \u00d6demeli (2 ile 3 G\u00fcn \u0130\u00e7inde Teslimat)<br \/>\n<strong>Garanti:<\/strong>\u00a03 Y\u0131l<br \/>\n<strong>Standartlar:<\/strong>\u00a0CE \/ NF \/ TSE<br \/>\n<strong>Temizlik:<\/strong>\u00a0Hafif Nemli Bezle Silinebilir.<\/p>\n","protected":false},"featured_media":8654,"comment_status":"open","ping_status":"closed","template":"","meta":[],"product_brand":[],"product_cat":[23],"product_tag":[],"class_list":{"0":"post-1137","1":"product","2":"type-product","3":"status-publish","4":"has-post-thumbnail","6":"product_cat-pratik-sundurma","8":"first","9":"instock","10":"shipping-taxable","11":"purchasable","12":"product-type-simple"},"aioseo_notices":[],"_links":{"self":[{"href":"https:\/\/pratiksundurma.net\/index.php\/wp-json\/wp\/v2\/product\/1137","targetHints":{"allow":["GET"]}}],"collection":[{"href":"https:\/\/pratiksundurma.net\/index.php\/wp-json\/wp\/v2\/product"}],"about":[{"href":"https:\/\/pratiksundurma.net\/index.php\/wp-json\/wp\/v2\/types\/product"}],"replies":[{"embeddable":true,"href":"https:\/\/pratiksundurma.net\/index.php\/wp-json\/wp\/v2\/comments?post=1137"}],"wp:featuredmedia":[{"embeddable":true,"href":"https:\/\/pratiksundurma.net\/index.php\/wp-json\/wp\/v2\/media\/8654"}],"wp:attachment":[{"href":"https:\/\/pratiksundurma.net\/index.php\/wp-json\/wp\/v2\/media?parent=1137"}],"wp:term":[{"taxonomy":"product_brand","embeddable":true,"href":"https:\/\/pratiksundurma.net\/index.php\/wp-json\/wp\/v2\/product_brand?post=1137"},{"taxonomy":"product_cat","embeddable":true,"href":"https:\/\/pratiksundurma.net\/index.php\/wp-json\/wp\/v2\/product_cat?post=1137"},{"taxonomy":"product_tag","embeddable":true,"href":"https:\/\/pratiksundurma.net\/index.php\/wp-json\/wp\/v2\/product_tag?post=1137"}],"curies":[{"name":"wp","href":"https:\/\/api.w.org\/{rel}","templated":true}]}}