{"id":1138,"date":"2022-10-01T11:08:09","date_gmt":"2022-10-01T08:08:09","guid":{"rendered":"https:\/\/pratiksundurma.net\/?post_type=product&#038;p=1138"},"modified":"2026-04-23T15:12:20","modified_gmt":"2026-04-23T12:12:20","slug":"ferforje-serisi-sundurma","status":"publish","type":"product","link":"https:\/\/pratiksundurma.net\/index.php\/urun\/ferforje-serisi-sundurma","title":{"rendered":"Ferforje Serisi Sundurma"},"content":{"rendered":"<p>Kap\u0131, pencere, balkon, teras ve daha bir\u00e7ok alanda kullanabilece\u011finiz <strong>ferforje sundurma<\/strong>, estetik g\u00f6r\u00fcnt\u00fcs\u00fcyle ya\u011fmur ve g\u00fcne\u015f gibi d\u0131\u015f etkenlere kar\u015f\u0131 y\u00fczde y\u00fcz koruma sa\u011fl\u0131yor. Hava ko\u015fullar\u0131na ba\u011fl\u0131 ortaya \u00e7\u0131kan sorunlar\u0131 \u015f\u0131k bir sundurma ile absorbe etmek isteyenler, ferforje serisinin birbirinden dekoratif modellerini tercih ediyor.<\/p>\n<p>Polikarbon, pleksi, cam gibi farkl\u0131 malzemeler kullanarak \u00fcretti\u011fimiz <strong>ferforje sundurma<\/strong>, pratik y\u00f6n\u00fcyle dikkat \u00e7ekiyor. Sundurmaya \u015f\u0131k ve dekoratif hava kazand\u0131ran ferforje desenler, ince i\u015f\u00e7ili\u011fin \u00fcr\u00fcn\u00fc olan motifler sundurman\u0131n i\u015flevselli\u011fiyle birlikte g\u00f6r\u00fcnt\u00fcs\u00fcn\u00fc de g\u00fc\u00e7lendiriyor.<\/p>\n<p>Kap\u0131 ve pencerelerinize pratik bir \u00e7\u00f6z\u00fcm sunan <strong>ferforje sundurma<\/strong>, dayan\u0131kl\u0131l\u0131\u011f\u0131yla uzun y\u0131llar kullan\u0131labiliyor. G\u00fcne\u015fe ve ya\u011fmura kar\u015f\u0131 modern bir \u00f6nlem almak istiyorsan\u0131z ferforje sundurmalardan yararlanabilir, tek veya seri \u015feklindeki sundurmalar\u0131 en uygun fiyatlarla sat\u0131n alabilirsiniz.<\/p>\n<p>\u0130stedi\u011finiz \u00f6l\u00e7\u00fclerde ve renklerde ferforje sundurma sipari\u015f edebilirsiniz. Her alana ve dekorasyona uygun sundurmalar haz\u0131rl\u0131yor, ki\u015fiye \u00f6zel \u00fcr\u00fcnler temin edebiliyoruz. Sipari\u015fleriniz ya da daha kapsaml\u0131 talepleriniz i\u00e7in l\u00fctfen bizimle ileti\u015fime ge\u00e7in.<\/p>\n<p><span style=\"color: #000000;\"><strong>Kullan\u0131m Alanlar\u0131 ve \u00d6zellikleri:<\/strong><\/span><\/p>\n<ul>\n<li><span style=\"color: #000000;\">Kap\u0131 ve pencere \u00f6nleri i\u00e7in portatif bir \u00e7\u00f6z\u00fcmd\u00fcr.<\/span><\/li>\n<li><span style=\"color: #000000;\">Modern g\u00f6r\u00fcn\u00fcm ve \u015f\u0131k dizayn<\/span><\/li>\n<li><span style=\"color: #000000;\">Dayan\u0131kl\u0131d\u0131r.<\/span><\/li>\n<li><span style=\"color: #000000;\">Tek veya seri olarak kullan\u0131labilir.<\/span><\/li>\n<\/ul>\n<p>&nbsp;<\/p>\n","protected":false},"excerpt":{"rendered":"<p><strong>Men\u015fei:<\/strong>\u00a0T\u00fcrkiye<br \/>\n<strong>Marka:<\/strong> Albayrak Sundurma<br \/>\n<strong>Ta\u015f\u0131y\u0131c\u0131 Kolon:<\/strong>\u00a0Metal<br \/>\n<strong>\u00dcst Kaplama:<\/strong>\u00a0Polikarbonat Levha<br \/>\n<strong>\u00c7er\u00e7eve:<\/strong>\u00a0Al\u00fcminyum U Kasa<br \/>\n<strong>Ba\u011flant\u0131:<\/strong>\u00a0\u00d6zel Ba\u011flant\u0131 Aparat\u0131<br \/>\n<strong>Boya:<\/strong>\u00a0Metal Aksam Elektrostatik Boya<br \/>\n<strong>G\u00f6nderim:<\/strong>\u00a0Al\u0131c\u0131 \u00d6demeli (2 ile 3 G\u00fcn \u0130\u00e7inde Teslimat)<br \/>\n<strong>Garanti:<\/strong>\u00a03 Y\u0131l<br \/>\n<strong>Standartlar:<\/strong>\u00a0CE \/ NF \/ TSE<br \/>\n<strong>Temizlik:<\/strong>\u00a0Hafif Nemli Bezle Silinebilir.<\/p>\n","protected":false},"featured_media":8634,"comment_status":"open","ping_status":"closed","template":"","meta":[],"product_brand":[],"product_cat":[23],"product_tag":[],"class_list":{"0":"post-1138","1":"product","2":"type-product","3":"status-publish","4":"has-post-thumbnail","6":"product_cat-pratik-sundurma","8":"first","9":"instock","10":"shipping-taxable","11":"purchasable","12":"product-type-simple"},"aioseo_notices":[],"_links":{"self":[{"href":"https:\/\/pratiksundurma.net\/index.php\/wp-json\/wp\/v2\/product\/1138","targetHints":{"allow":["GET"]}}],"collection":[{"href":"https:\/\/pratiksundurma.net\/index.php\/wp-json\/wp\/v2\/product"}],"about":[{"href":"https:\/\/pratiksundurma.net\/index.php\/wp-json\/wp\/v2\/types\/product"}],"replies":[{"embeddable":true,"href":"https:\/\/pratiksundurma.net\/index.php\/wp-json\/wp\/v2\/comments?post=1138"}],"wp:featuredmedia":[{"embeddable":true,"href":"https:\/\/pratiksundurma.net\/index.php\/wp-json\/wp\/v2\/media\/8634"}],"wp:attachment":[{"href":"https:\/\/pratiksundurma.net\/index.php\/wp-json\/wp\/v2\/media?parent=1138"}],"wp:term":[{"taxonomy":"product_brand","embeddable":true,"href":"https:\/\/pratiksundurma.net\/index.php\/wp-json\/wp\/v2\/product_brand?post=1138"},{"taxonomy":"product_cat","embeddable":true,"href":"https:\/\/pratiksundurma.net\/index.php\/wp-json\/wp\/v2\/product_cat?post=1138"},{"taxonomy":"product_tag","embeddable":true,"href":"https:\/\/pratiksundurma.net\/index.php\/wp-json\/wp\/v2\/product_tag?post=1138"}],"curies":[{"name":"wp","href":"https:\/\/api.w.org\/{rel}","templated":true}]}}