{"id":412,"date":"2022-10-01T15:21:46","date_gmt":"2022-10-01T12:21:46","guid":{"rendered":"http:\/\/pratiksundurma.net\/?post_type=product&#038;p=412"},"modified":"2026-04-16T14:10:26","modified_gmt":"2026-04-16T11:10:26","slug":"cakil-tasi-serisi-sundurma","status":"publish","type":"product","link":"https:\/\/pratiksundurma.net\/index.php\/urun\/cakil-tasi-serisi-sundurma","title":{"rendered":"\u00c7ak\u0131l Ta\u015f\u0131 Serisi Sundurma"},"content":{"rendered":"<p>Kap\u0131 ve pencere \u00f6nlerinde modern, pratik bir sundurma hizmeti veren sundurma tasar\u0131mlar\u0131m\u0131z, dayan\u0131kl\u0131 g\u00f6vdesi ve kaliteli i\u015f\u00e7ili\u011fiyle kullan\u0131c\u0131lardan tam not al\u0131yor. <strong>\u00c7ak\u0131l ta\u015f\u0131 sundurma serisi<\/strong>, modern g\u00f6r\u00fcn\u00fcm\u00fcyle ihtiyac\u0131n\u0131z\u0131 kar\u015f\u0131lamaya haz\u0131rlan\u0131yor. Sundurma serimizde, irili ufakl\u0131 \u00e7ak\u0131l ta\u015f\u0131 g\u00f6r\u00fcnt\u00fcs\u00fc en zarif \u015fekilde kullan\u0131l\u0131yor.<\/p>\n<p><strong>\u00c7ak\u0131l ta\u015f\u0131 serisi<\/strong>, \u00f6nce titiz i\u015f\u00e7ili\u011fi akabinde ise dayan\u0131kl\u0131 g\u00f6vdesiyle dikkatleri \u00e7ekiyor. Sundurma tasar\u0131mlar\u0131m\u0131zda dekoratif g\u00f6r\u00fcnt\u00fcyle birlikte i\u015flevsellik de \u00f6ne \u00e7\u0131k\u0131yor. G\u00fcne\u015f \u0131\u015f\u0131nlar\u0131n\u0131 absorbe etmede y\u00fczde y\u00fcz etkili olan sundurma g\u00f6vdesi, ya\u011fmuru \u00f6nlemde ise ayn\u0131 oranda ba\u015far\u0131 g\u00f6steriyor. Sundurmalar\u0131m\u0131z, g\u00fcne\u015f \u0131\u015f\u0131nlar\u0131na, ya\u011fmur damlalar\u0131na, dolu ya\u011f\u0131\u015f\u0131na kar\u015f\u0131 \u00e7ok uzun y\u0131llar dayan\u0131kl\u0131l\u0131k g\u00f6sterecek kalitededir.<\/p>\n<p>Kap\u0131, pencere, balkon, teras ve i\u015f yerleri i\u00e7in son derece pratik ve konforlu bir sundurma deneyimi ya\u015fayabilirsiniz. <strong>\u00c7ak\u0131l ta\u015f\u0131 serisi sundurma<\/strong> modellerimiz kaliteli ve zarif i\u015f\u00e7ili\u011fimizle, bir sundurmadan bekledi\u011finiz her \u015feyi kusursuz bi\u00e7imde kar\u015f\u0131l\u0131yor. Sundurma takt\u0131rmak istedi\u011finiz b\u00f6lgenin \u00f6l\u00e7\u00fclerine g\u00f6re ki\u015fiye \u00f6zel sipari\u015fler haz\u0131rl\u0131yoruz. Sipari\u015f vermek ya da daha detayl\u0131 bilgi almak i\u00e7in bizimle yedi yirmi d\u00f6rt ileti\u015fime ge\u00e7ebilirsiniz.<\/p>\n<p>&nbsp;<\/p>\n","protected":false},"excerpt":{"rendered":"<p><strong>Men\u015fei:<\/strong>\u00a0T\u00fcrkiye<br \/>\n<strong>Marka:<\/strong>\u00a0Albayrak Yap\u0131 \u0130n\u015faat<br \/>\n<strong>Ta\u015f\u0131y\u0131c\u0131 Kolon:<\/strong>\u00a0Metal<br \/>\n<strong>\u00dcst Kaplama:<\/strong>\u00a0Polikarbonat Levha<br \/>\n<strong>\u00c7er\u00e7eve:<\/strong>\u00a0Al\u00fcminyum U Kasa<br \/>\n<strong>Ba\u011flant\u0131:<\/strong>\u00a0\u00d6zel Ba\u011flant\u0131 Aparat\u0131<br \/>\n<strong>Boya:<\/strong>\u00a0Metal Aksam Elektrostatik Boya<br \/>\n<strong>G\u00f6nderim:<\/strong>\u00a0Al\u0131c\u0131 \u00d6demeli (2 ile 3 G\u00fcn \u0130\u00e7inde Teslimat)<br \/>\n<strong>Garanti:<\/strong>\u00a03 Y\u0131l<br \/>\n<strong>Standartlar:<\/strong>\u00a0CE \/ NF \/ TSE<br \/>\n<strong>Temizlik:<\/strong>\u00a0Hafif Nemli Bezle Silinebilir.<\/p>\n","protected":false},"featured_media":8642,"comment_status":"open","ping_status":"closed","template":"","meta":[],"product_brand":[],"product_cat":[23],"product_tag":[],"class_list":{"0":"post-412","1":"product","2":"type-product","3":"status-publish","4":"has-post-thumbnail","6":"product_cat-pratik-sundurma","8":"first","9":"instock","10":"shipping-taxable","11":"purchasable","12":"product-type-simple"},"aioseo_notices":[],"_links":{"self":[{"href":"https:\/\/pratiksundurma.net\/index.php\/wp-json\/wp\/v2\/product\/412","targetHints":{"allow":["GET"]}}],"collection":[{"href":"https:\/\/pratiksundurma.net\/index.php\/wp-json\/wp\/v2\/product"}],"about":[{"href":"https:\/\/pratiksundurma.net\/index.php\/wp-json\/wp\/v2\/types\/product"}],"replies":[{"embeddable":true,"href":"https:\/\/pratiksundurma.net\/index.php\/wp-json\/wp\/v2\/comments?post=412"}],"wp:featuredmedia":[{"embeddable":true,"href":"https:\/\/pratiksundurma.net\/index.php\/wp-json\/wp\/v2\/media\/8642"}],"wp:attachment":[{"href":"https:\/\/pratiksundurma.net\/index.php\/wp-json\/wp\/v2\/media?parent=412"}],"wp:term":[{"taxonomy":"product_brand","embeddable":true,"href":"https:\/\/pratiksundurma.net\/index.php\/wp-json\/wp\/v2\/product_brand?post=412"},{"taxonomy":"product_cat","embeddable":true,"href":"https:\/\/pratiksundurma.net\/index.php\/wp-json\/wp\/v2\/product_cat?post=412"},{"taxonomy":"product_tag","embeddable":true,"href":"https:\/\/pratiksundurma.net\/index.php\/wp-json\/wp\/v2\/product_tag?post=412"}],"curies":[{"name":"wp","href":"https:\/\/api.w.org\/{rel}","templated":true}]}}