{"id":8067,"date":"2024-04-25T13:20:02","date_gmt":"2024-04-25T10:20:02","guid":{"rendered":"https:\/\/pratiksundurma.net\/?post_type=product&#038;p=8067"},"modified":"2026-04-16T14:07:13","modified_gmt":"2026-04-16T11:07:13","slug":"kapi-uzeri-metal-ayak-sundurma-cakiltasi-serisi-200-cm-x-100-cm","status":"publish","type":"product","link":"https:\/\/pratiksundurma.net\/index.php\/urun\/kapi-uzeri-metal-ayak-sundurma-cakiltasi-serisi-200-cm-x-100-cm","title":{"rendered":"Kap\u0131 \u00dczeri Metal Ayak Sundurma \u2013 \u00c7ak\u0131lta\u015f\u0131 Serisi (200 cm x 100 cm)"},"content":{"rendered":"<p style=\"text-align: center;\"><span style=\"color: #000080;\"><span style=\"font-size: 26px;\"><strong><u>\u00b7 Metal Ta\u015f\u0131y\u0131c\u0131l\u0131 Kap\u0131 \u00dcst\u00fc Sundurma &#8211; \u00c7ak\u0131lta\u015f\u0131 Serisi<br \/>\n<\/u><\/strong><\/span><span style=\"font-size: 26px;\"><strong><u>\u00b7 Metal Ta\u015f\u0131y\u0131c\u0131 Kolonlar (CNC Kesim 2 mm Kal\u0131nl\u0131\u011f\u0131nda)<br \/>\n<\/u><\/strong><\/span><span style=\"font-size: 26px;\"><strong><u>\u00b7 Ara Ta\u015f\u0131y\u0131c\u0131 Metal Akslar (40 mm x 20 mm x 1.5 mm)<br \/>\n<\/u><\/strong><\/span><\/span><span style=\"color: #000080;\"><span style=\"font-size: 26px;\"><u><b style=\"color: #000080; font-size: 26px;\"><strong>\u00b7 <\/strong>\u00dcst Kaplama Polikarbonat Levha (<\/b><span style=\"color: #000080;\"><span style=\"font-size: 26px;\"><b>Avrupa&#8217;dan<\/b><\/span><\/span><b style=\"color: #000080; font-size: 26px;\">\u00a0\u0130thal)<br \/>\n<strong>\u00b7 Teslimat S\u00fcresi: 3 \u0130\u015f G\u00fcn\u00fcd\u00fcr.<\/strong><\/b><\/u><\/span><\/span><\/p>\n<p>&nbsp;<\/p>\n<p><strong>\u00dcr\u00fcn A\u00e7\u0131klamas\u0131:<\/strong><\/p>\n<p>Kap\u0131 \u00f6nlerindeki alanlarda \u015f\u0131kl\u0131k ve koruma sa\u011flamak i\u00e7in ideal bir \u00e7\u00f6z\u00fcm olan kap\u0131 \u00fczeri sundurma, pratik ve estetik bir tasar\u0131ma sahiptir. Y\u00fcksek kaliteli malzemelerden \u00fcretilen sundurma, uzun \u00f6m\u00fcrl\u00fc ve bak\u0131m\u0131 kolay bir kullan\u0131m sunar. \u00d6zel olarak tasarlanm\u0131\u015f \u00f6rt\u00fc malzemesi, ya\u011fmur ve g\u00fcne\u015fe kar\u015f\u0131 m\u00fckemmel koruma sa\u011flar, b\u00f6ylece evinizin giri\u015finde rahat\u00e7a vakit ge\u00e7irebilirsiniz. Kap\u0131 \u00fczeri sundurma, d\u0131\u015f mekanlar\u0131n\u0131za de\u011fer katan estetik ve fonksiyonelli\u011fiyle hem g\u00f6z al\u0131c\u0131 bir dekorasyon \u00f6\u011fesi hem de koruma sa\u011flayan bir \u00e7\u00f6z\u00fcmd\u00fcr.<\/p>\n<ul>\n<li>K\u0131\u015f Korumas\u0131 Sa\u011flar<\/li>\n<li>UV I\u015f\u0131nlar\u0131n\u0131 Filtreler<\/li>\n<li>Bak\u0131m Gerektirmez<\/li>\n<li>Sudan Etkilenmez<\/li>\n<li>Pratik ve H\u0131zl\u0131 Montaj<\/li>\n<li>Dayan\u0131kl\u0131 ve Sa\u011flamd\u0131r.<\/li>\n<\/ul>\n<p><strong>\u00dcr\u00fcn Teknik \u00d6zellikleri<\/strong><\/p>\n<ul>\n<li>Men\u015fei: T\u00fcrkiye<\/li>\n<li>Marka: Albayrak Yap\u0131 \u0130n\u015faat<\/li>\n<li>Ta\u015f\u0131y\u0131c\u0131 Kolon: Metal<\/li>\n<li>\u00dcst Kaplama: Polikarbonat Levha<\/li>\n<li>\u00c7er\u00e7eve: Al\u00fcminyum U Kasa<\/li>\n<li>Ba\u011flant\u0131: \u00d6zel Ba\u011flant\u0131 Aparat\u0131<\/li>\n<li>Boya: Metal Aksam Elektrostatik Boya<\/li>\n<\/ul>\n<p><strong>\u00dcr\u00fcn Temizlik ve Bak\u0131m\u0131<\/strong><\/p>\n<ul>\n<li>\u00dcr\u00fcn\u00fcn\u00fcz\u00fcn temizlenmesi gerekti\u011finde hafif bir deterjan sol\u00fcsyonu kullan\u0131n ve so\u011fuk, temiz su ile durulay\u0131n.<\/li>\n<li>Sundurmay\u0131 temizlemek i\u00e7in aseton, a\u015f\u0131nd\u0131r\u0131c\u0131 temizleyiciler veya di\u011fer \u00f6zel deterjanlar kullanmay\u0131n.<\/li>\n<li>Montaj tamamland\u0131ktan sonra \u00fcr\u00fcn\u00fc temizleyin.<\/li>\n<\/ul>\n<p><strong>\u00dcr\u00fcn Montaj G\u00fcvenlik Uyar\u0131s\u0131<\/strong><\/p>\n<ul>\n<li>T\u00fcm par\u00e7alar\u0131n talimatlara g\u00f6re monte edilmesi \u00e7ok \u00f6nemlidir. Herhangi bir ad\u0131m\u0131 atlamay\u0131n.<\/li>\n<li>Sundurman\u0131n montaj\u0131 s\u0131ras\u0131nda i\u015f eldiveni kullan\u0131lmas\u0131n\u0131 \u015fiddetle tavsiye ederiz.<\/li>\n<li>Baz\u0131 par\u00e7alarda keskin kenarlar olabilir. Bile\u015fenleri tutarken l\u00fctfen dikkatli olun.<\/li>\n<li>Montaj s\u0131ras\u0131nda daima ayakkab\u0131 ve koruyucu g\u00f6zl\u00fck kullan\u0131n.<\/li>\n<li>Basamakl\u0131 bir merdiven veya elektrikli aletler kullan\u0131yorsan\u0131z, belirtti\u011fimiz g\u00fcvenlik tavsiyelerine uydu\u011funuzdan emin olun.<\/li>\n<li>\u00c7ocuklar\u0131 montaj alan\u0131ndan uzak tutun.<\/li>\n<li>Elektronik aletlerin g\u00fc\u00e7 kablolar\u0131na sundurman\u0131n metal aksamlar\u0131na kesinlikle dokundurmay\u0131n.<\/li>\n<li>\u00dcr\u00fcn\u00fc r\u00fczgarl\u0131 veya \u0131slak ko\u015fullarda monte etmeye \u00e7al\u0131\u015fmay\u0131n.<\/li>\n<li>T\u00fcm plastik ambalaj ve paketleri at\u0131n ve yahut bunlar\u0131 k\u00fc\u00e7\u00fck \u00e7ocuklar\u0131n eri\u015femeyece\u011fi yerlerde saklay\u0131n.<\/li>\n<li>Monte etmeden \u00fcst polikarbon \u00e7at\u0131ya \u00e7\u0131kmay\u0131n.<\/li>\n<li>Profillerin ba\u011flant\u0131 aparatlar\u0131na monte edildi\u011finden emin olun.<\/li>\n<li>Yorgunsan\u0131z veya alkol alm\u0131\u015fsan\u0131z veya ba\u015f d\u00f6nmesine yatk\u0131nsan\u0131z bu \u00fcr\u00fcn\u00fc monte etmeye \u00e7al\u0131\u015fmay\u0131n.<\/li>\n<\/ul>\n","protected":false},"excerpt":{"rendered":"<p><strong>Men\u015fei:<\/strong>\u00a0T\u00fcrkiye<br \/>\n<strong>Marka:<\/strong>\u00a0Albayrak Yap\u0131 \u0130n\u015faat<br \/>\n<strong>Ta\u015f\u0131y\u0131c\u0131 Kolon:<\/strong>\u00a0Metal<br \/>\n<strong>\u00dcst Kaplama:<\/strong>\u00a0Polikarbonat Levha<br \/>\n<strong>\u00c7er\u00e7eve:<\/strong>\u00a0Al\u00fcminyum U Kasa<br \/>\n<strong>Ba\u011flant\u0131:<\/strong>\u00a0\u00d6zel Ba\u011flant\u0131 Aparat\u0131<br \/>\n<strong>Boya:<\/strong>\u00a0Metal Aksam Elektrostatik Boya<br \/>\n<strong>G\u00f6nderim:<\/strong> Al\u0131c\u0131 \u00d6demeli<\/p>\n<p>Fabrika Teslim \u00dcr\u00fcn ve Montajl\u0131 Olmak \u00dczere \u0130ki Farkl\u0131 Sat\u0131\u015f Se\u00e7ene\u011fi Mevcuttur. Yukar\u0131da Belirtilen Tutar Fabrika Teslim Fiyatlard\u0131r. \u00dcr\u00fcnler \u0130stanbul \u0130\u00e7i Anla\u015fmal\u0131 Kargo Firmalar\u0131 \u0130le \u0130stanbul D\u0131\u015f\u0131 Ambar \u0130le Kar\u015f\u0131 (ALICI) \u00d6demeli Olarak G\u00f6nderilir.<\/p>\n","protected":false},"featured_media":8642,"comment_status":"open","ping_status":"closed","template":"","meta":[],"product_brand":[],"product_cat":[313],"product_tag":[],"class_list":{"0":"post-8067","1":"product","2":"type-product","3":"status-publish","4":"has-post-thumbnail","6":"product_cat-cakiltasi-serisi","8":"first","9":"instock","10":"shipping-taxable","11":"purchasable","12":"product-type-simple"},"aioseo_notices":[],"_links":{"self":[{"href":"https:\/\/pratiksundurma.net\/index.php\/wp-json\/wp\/v2\/product\/8067","targetHints":{"allow":["GET"]}}],"collection":[{"href":"https:\/\/pratiksundurma.net\/index.php\/wp-json\/wp\/v2\/product"}],"about":[{"href":"https:\/\/pratiksundurma.net\/index.php\/wp-json\/wp\/v2\/types\/product"}],"replies":[{"embeddable":true,"href":"https:\/\/pratiksundurma.net\/index.php\/wp-json\/wp\/v2\/comments?post=8067"}],"wp:featuredmedia":[{"embeddable":true,"href":"https:\/\/pratiksundurma.net\/index.php\/wp-json\/wp\/v2\/media\/8642"}],"wp:attachment":[{"href":"https:\/\/pratiksundurma.net\/index.php\/wp-json\/wp\/v2\/media?parent=8067"}],"wp:term":[{"taxonomy":"product_brand","embeddable":true,"href":"https:\/\/pratiksundurma.net\/index.php\/wp-json\/wp\/v2\/product_brand?post=8067"},{"taxonomy":"product_cat","embeddable":true,"href":"https:\/\/pratiksundurma.net\/index.php\/wp-json\/wp\/v2\/product_cat?post=8067"},{"taxonomy":"product_tag","embeddable":true,"href":"https:\/\/pratiksundurma.net\/index.php\/wp-json\/wp\/v2\/product_tag?post=8067"}],"curies":[{"name":"wp","href":"https:\/\/api.w.org\/{rel}","templated":true}]}}